{"id":3,"date":"2023-05-12T11:01:40","date_gmt":"2023-05-12T11:01:40","guid":{"rendered":"http:\/\/megalockers.com\/fr\/?page_id=3"},"modified":"2023-06-14T14:51:20","modified_gmt":"2023-06-14T14:51:20","slug":"politica-privacidad","status":"publish","type":"page","link":"https:\/\/megalockers.com\/fr\/politica-privacidad\/","title":{"rendered":"Pol\u00edtica de privacidad"},"content":{"rendered":"<div class=\"fusion-fullwidth fullwidth-box fusion-builder-row-1 fusion-flex-container nonhundred-percent-fullwidth non-hundred-percent-height-scrolling\" style=\"--awb-border-radius-top-left:0px;--awb-border-radius-top-right:0px;--awb-border-radius-bottom-right:0px;--awb-border-radius-bottom-left:0px;--awb-flex-wrap:wrap;\" ><div class=\"fusion-builder-row fusion-row fusion-flex-align-items-flex-start fusion-flex-content-wrap\" style=\"max-width:1393.6px;margin-left: calc(-4% \/ 2 );margin-right: calc(-4% \/ 2 );\"><div class=\"fusion-layout-column fusion_builder_column fusion-builder-column-0 fusion_builder_column_1_1 1_1 fusion-flex-column\" style=\"--awb-bg-size:cover;--awb-width-large:100%;--awb-margin-top-large:0px;--awb-spacing-right-large:1.92%;--awb-margin-bottom-large:0px;--awb-spacing-left-large:1.92%;--awb-width-medium:100%;--awb-spacing-right-medium:1.92%;--awb-spacing-left-medium:1.92%;--awb-width-small:100%;--awb-spacing-right-small:1.92%;--awb-spacing-left-small:1.92%;\"><div class=\"fusion-column-wrapper fusion-flex-justify-content-flex-start fusion-content-layout-column\"><div class=\"fusion-text fusion-text-1\"><\/p>\n<h3 style=\"--fontSize: 36; line-height: 1.2;\" data-fontsize=\"36\" data-lineheight=\"43.2px\" class=\"fusion-responsive-typography-calculated wp-block-heading\">Informaci\u00f3n b\u00e1sica sobre protecci\u00f3n de datos<\/h3>\n<\/p>\n<p>Responsable: <b>MEGABLOK S.A.U.;<\/b> Finalidad: Gestionar el alta de usuario en nuestra p\u00e1gina web; Legitimaci\u00f3n: Consentimiento del usuario; Destinatarios: Solo se realizan cesiones si existe una obligaci\u00f3n legal; Derechos: Acceder, rectificar y suprimir, as\u00ed como otros derechos, como se indica en la informaci\u00f3n adicional; Informaci\u00f3n Adicional: Puede consultar la informaci\u00f3n completa de Protecci\u00f3n de Datos en nuestra Pol\u00edtica de Privacidad*.<\/p>\n<h1 style=\"--fontSize: 36; line-height: 1.2;\">POL\u00cdTICA DE PRIVACIDAD<\/h1>\n<p>MEGABLOK S.A.U. en cumplimiento de lo establecido en el Reglamento General de Protecci\u00f3n de datos (RGPD 2016\/679) y la Ley de Protecci\u00f3n de Datos Personales y garant\u00eda de los derechos digitales (LO 3\/2018), informa a los usuarios de la p\u00e1gina web www.megablok.com:<\/p>\n<h3 data-fontsize=\"36\" style=\"--fontSize: 36; line-height: 1.2;\" data-lineheight=\"43.2px\" class=\"fusion-responsive-typography-calculated\">1.- \u00bfQui\u00e9n es el responsable del tratamiento de sus datos?<\/h3>\n<p>MEGABLOK S.A.U. con CIF A50711498 y domicilio a efectos de notificaciones en Plataforma Log\u00edstica PLA-ZA, calle Palermo n\u00ba7, 50197 de Zaragoza. Puede contactar llamando al 976505488 o a trav\u00e9s del correo electr\u00f3nico laboral@megablok.com.<\/p>\n<h3 data-fontsize=\"36\" style=\"--fontSize: 36; line-height: 1.2;\" data-lineheight=\"43.2px\" class=\"fusion-responsive-typography-calculated\">2.- \u00bfCon qu\u00e9 finalidad recogemos sus datos y base jur\u00eddica parar tratar sus datos?<\/h3>\n<h4 data-fontsize=\"30\" style=\"--fontSize: 30; line-height: 1.2;\" data-lineheight=\"36px\" class=\"fusion-responsive-typography-calculated\">DATOS PERSONALES DE CLIENTES<\/h4>\n<p><b>Finalidad:<\/b> Presupuestar los servicios solicitados.<\/p>\n<p><b>Base Jur\u00eddica:<\/b> Es la ejecuci\u00f3n de medidas precontractuales a petici\u00f3n del interesado (presupuestos).<\/p>\n<p><b>Finalidad:<\/b> Prestaci\u00f3n de los servicios solicitados.<\/p>\n<p><b>Base Jur\u00eddica:<\/b> Es la ejecuci\u00f3n de un contrato.<\/p>\n<p><b>Finalidad:<\/b> Gesti\u00f3n interna cliente-empresa.<\/p>\n<p><b>Base Jur\u00eddica:<\/b> Es la obligaci\u00f3n legal de MEGABLOK S.A.U.de cumplir con sus obligaciones fiscales y tributarias.<\/p>\n<p><b>Finalidad:<\/b> Gesti\u00f3n administrativa de nuestra empresa.<\/p>\n<p><b>Base Jur\u00eddica:<\/b> Es la ejecuci\u00f3n de un contrato.<\/p>\n<p><b>Finalidad:<\/b> Facturaci\u00f3n de los servicios solicitados, en su caso.<\/p>\n<p><b>Base Jur\u00eddica:<\/b> Es la obligaci\u00f3n legal de MEGABLOK S.A.U. de cumplir con sus obligaciones fiscales y tributarias.<\/p>\n<p><b>Finalidad:<\/b> Env\u00edo de informaci\u00f3n comercial.<\/p>\n<p><b>Base Jur\u00eddica:<\/b> Es el consentimiento.<\/p>\n<p><b>Finalidad:<\/b> Env\u00edo de informaci\u00f3n comercial.<\/p>\n<p><b>Base Jur\u00eddica: <\/b>Es el inter\u00e9s leg\u00edtimo, en base al art. 21.2 de la Ley de Servicios de la Sociedad de la Informaci\u00f3n.<\/p>\n<h4 data-fontsize=\"30\" style=\"--fontSize: 30; line-height: 1.2;\" data-lineheight=\"36px\" class=\"fusion-responsive-typography-calculated\"><span style=\"color: var(--h4_typography-color); font-family: var(--h4_typography-font-family); font-size: var(--h4_typography-font-size); font-style: var(--h4_typography-font-style,normal); font-weight: var(--h4_typography-font-weight); letter-spacing: var(--h4_typography-letter-spacing); text-transform: var(--h4_typography-text-transform); text-align: var(--awb-content-alignment); background-color: var(--awb-bg-color-hover);\">DATOS VIDEOVIGILANCIA<\/span><br><\/h4>\n<p><b>Finalidad:<\/b> Videovigilancia de las instalaciones con fines de seguridad y control.<\/p>\n<p><b>Base Jur\u00eddica:<\/b> Es el inter\u00e9s p\u00fablico en la protecci\u00f3n de las personas, bienes e instalaciones del responsable.<\/p>\n<h4 data-fontsize=\"30\" style=\"--fontSize: 30; line-height: 1.2;\" data-lineheight=\"36px\" class=\"fusion-responsive-typography-calculated\">DATOS PERSONALES RECOGIDOS EN NUESTRA P\u00c1GINA WEB<\/h4>\n<p>Adem\u00e1s, en esta p\u00e1gina web se recogen datos de car\u00e1cter personal a trav\u00e9s de diferentes formularios. Los datos solicitados en cada formulario son los necesarios para la finalidad por la cual se recogen. La finalidad de tratamiento son los siguientes:<\/p>\n<h5 data-fontsize=\"24\" style=\"--fontSize: 24; line-height: 1.2; --minFontSize: 24;\" data-lineheight=\"28.8px\" class=\"fusion-responsive-typography-calculated\">FORMULARIO DE CONTACTO:<\/h5>\n<p><b>Finalidad:<\/b> Poder contestar las consultas planteadas y enviar al usuario la informaci\u00f3n solicitada a trav\u00e9s del correo electr\u00f3nico o tel\u00e9fono indicados en el formulario.<\/p>\n<p><b>Base Jur\u00eddica: <\/b>Es el consentimiento del usuario.<\/p>\n<h5 data-fontsize=\"24\" style=\"--fontSize: 24; line-height: 1.2; --minFontSize: 24;\" data-lineheight=\"28.8px\" class=\"fusion-responsive-typography-calculated\"><span style=\"color: var(--awb-text-color); font-family: var(--awb-text-font-family); font-size: var(--awb-font-size); font-style: var(--awb-text-font-style); font-weight: var(--awb-text-font-weight); letter-spacing: var(--awb-letter-spacing); text-align: var(--awb-content-alignment); text-transform: var(--awb-text-transform); background-color: var(--awb-bg-color-hover);\">CORREO ELECTR\u00d3NICO\/WHATSAPP:<\/span><br><\/h5>\n<p><b>Finalidad:<\/b> Si el usuario se pone en contacto a trav\u00e9s del correo electr\u00f3nico y\/o WhatsApp publicado en esta p\u00e1gina web, sus datos ser\u00e1n tratados para contestar las consultas planteadas y poderle enviar la informaci\u00f3n solicitada a trav\u00e9s del correo electr\u00f3nico y\/o WhatsApp a trav\u00e9s del cual se recibe la consulta.<\/p>\n<p><b>Base Jur\u00eddica:<\/b> Es el inter\u00e9s leg\u00edtimo de nuestra empresa de responder a las comunicaciones recibidas.<\/p>\n<h3 data-fontsize=\"36\" style=\"--fontSize: 36; line-height: 1.2;\" data-lineheight=\"43.2px\" class=\"fusion-responsive-typography-calculated\">3.- \u00bfQu\u00e9 categor\u00eda de datos tratamos?<\/h3>\n<p>Los datos que se recaban, de forma enunciativa que no limitativa, se refieren a la categor\u00eda de datos identificativos, como pueden ser: Nombre y apellidos, Tel\u00e9fono, Direcci\u00f3n Postal, Empresa, Correo Electr\u00f3nico; datos econ\u00f3micos y financieros, como pueden ser: Datos Bancarios.<\/p>\n<h3 data-fontsize=\"36\" style=\"--fontSize: 36; line-height: 1.2;\" data-lineheight=\"43.2px\" class=\"fusion-responsive-typography-calculated\">4.- \u00bfCu\u00e1nto tiempo conservamos sus datos?<\/h3>\n<h4 data-fontsize=\"30\" style=\"--fontSize: 30; line-height: 1.2;\" data-lineheight=\"36px\" class=\"fusion-responsive-typography-calculated\">DATOS PERSONALES DE CLIENTES Y PROVEEDORES<\/h4>\n<p>Los datos personales facilitados ser\u00e1n conservados mientras se mantenga la relaci\u00f3n comercial o el usuario solicite su supresi\u00f3n. Finalizada la relaci\u00f3n comercial los datos ser\u00e1n conservados mientras sea necesario para dar cumplimiento a las obligaciones legales. Una vez prescritas las responsabilidades derivadas de dichas obligaciones legales sus datos ser\u00e1n suprimidos. Los datos personales necesarios para el env\u00edo de comunicaciones comerciales, en caso de que los haya autorizado, ser\u00e1n conservados siempre que no solicite su supresi\u00f3n.<\/p>\n<h4 data-fontsize=\"30\" style=\"--fontSize: 30; line-height: 1.2;\" data-lineheight=\"36px\" class=\"fusion-responsive-typography-calculated\"><span style=\"color: var(--awb-text-color); font-family: var(--awb-text-font-family); font-size: var(--awb-font-size); font-style: var(--awb-text-font-style); font-weight: var(--awb-text-font-weight); letter-spacing: var(--awb-letter-spacing); text-align: var(--awb-content-alignment); text-transform: var(--awb-text-transform); background-color: var(--awb-bg-color);\">IM\u00c1GENES DE VIDEOVIGILANCIA<\/span><br><\/h4>\n<p>Las im\u00e1genes captadas por los sistemas de videovigilancia se conservar\u00e1n como m\u00e1ximo durante 30 d\u00edas, salvo requerimiento judicial o que en las im\u00e1genes se recojan infracciones, en cuyo caso las im\u00e1genes se bloquear\u00e1n y se pondr\u00e1n a disposici\u00f3n de las autoridades.<\/p>\n<h4 data-fontsize=\"30\" style=\"--fontSize: 30; line-height: 1.2;\" data-lineheight=\"36px\" class=\"fusion-responsive-typography-calculated\">DATOS PERSONALES FORMULARIOS P\u00c1GINA WEB<\/h4>\n<p>Los datos recogidos a trav\u00e9s de los formularios de nuestra p\u00e1gina web ser\u00e1n conservados mientras sean necesarios para dar cumplimiento a la finalidad por la cual fueron recogidos o el usuario solicite su supresi\u00f3n. Los datos personales necesarios para el env\u00edo de comunicaciones comerciales, en caso de que los haya autorizado, ser\u00e1n conservados siempre que no solicite su supresi\u00f3n. Los datos recogidos a trav\u00e9s del formulario de &#8220;trabaje con nosotros&#8221; se conservar\u00e1n durante 1 a\u00f1o. Los datos recogidos a trav\u00e9s del resto de formularios de nuestra p\u00e1gina web ser\u00e1n conservados mientras sean necesarios para dar cumplimiento a la finalidad por la cual fueron recogidos o el usuario solicite su supresi\u00f3n. Los datos personales necesarios para el env\u00edo de comunicaciones comerciales, en caso de que los haya autorizado, ser\u00e1n conservados siempre que no solicite su supresi\u00f3n. En caso de realizar una compra en nuestra p\u00e1gina web, los datos personales facilitados ser\u00e1n conservados mientras se mantenga la relaci\u00f3n comercial o el usuario solicite su supresi\u00f3n. Finalizada la relaci\u00f3n comercial los datos ser\u00e1n conservados mientras sea necesario para dar cumplimiento a las obligaciones legales. Una vez prescritas las responsabilidades derivadas de dichas obligaciones legales sus datos ser\u00e1n suprimidos.<\/p>\n<h3 data-fontsize=\"36\" style=\"--fontSize: 36; line-height: 1.2;\" data-lineheight=\"43.2px\" class=\"fusion-responsive-typography-calculated\">5.- \u00bfRealizamos perfiles con sus datos?<\/h3>\n<p>No se tomar\u00e1n decisiones automatizadas ni se realizar\u00e1n perfiles.<\/p>\n<p>Con la informaci\u00f3n facilitada por los candidatos a trav\u00e9s de su CV, MEGABLOK S.A.U. podr\u00e1 realizar perfiles con el fin de poder seleccionar el mejor candidato para un puesto de trabajo determinado.<\/p>\n<h3 data-fontsize=\"36\" style=\"--fontSize: 36; line-height: 1.2;\" data-lineheight=\"43.2px\" class=\"fusion-responsive-typography-calculated\">6.- \u00bfA qui\u00e9n cedemos sus datos?<\/h3>\n<p>No se prev\u00e9n cesiones de datos a excepci\u00f3n de las autorizadas por la legislaci\u00f3n fiscal, mercantil y de telecomunicaciones, as\u00ed como en aquellos casos en los que una autoridad judicial nos lo requiera.<\/p>\n<p>MEGABLOK S.A.U. puede compartir datos personales con empresas externas que prestan servicios al MEGABLOK S.A.U. Con todas estas empresas se formaliza un Contrato de Confidencialidad para garantizar el uso de datos personales de acuerdo a las exigencias de la normativa vigente en Protecci\u00f3n de Datos. A modo enunciativo y sin car\u00e1cter exhaustivo, estas empresas podr\u00e1n ser:<\/p>\n<p>\u2022 Asesor\u00eda Fiscal y Contable.<\/p>\n<p>\u2022 Empresas Inform\u00e1ticas.<\/p>\n<p>Adem\u00e1s, MEGABLOK S.A.U. puede compartir datos personales con empresas externas, las cuales son responsables, con el fin de poder desarrollar correctamente la actividad. A modo enunciativo y sin car\u00e1cter exhaustivo, estas empresas podr\u00e1n ser:<\/p>\n<p>\u2022 Empresas de transporte<\/p>\n<h3 data-fontsize=\"36\" style=\"--fontSize: 36; line-height: 1.2;\" data-lineheight=\"43.2px\" class=\"fusion-responsive-typography-calculated\">7.- \u00bfQu\u00e9 terceros prestan servicios en esta web?<\/h3>\n<p>Para el desarrollo de esta p\u00e1gina web se utilizan los siguientes proveedores de servicios:<\/p>\n<p>Hosting: Los servidores donde est\u00e1 alojada nuestra p\u00e1gina web est\u00e1n ubicados en la UE. Utiliza protocolos seguros con lo que la comunicaci\u00f3n de datos se hace a trav\u00e9s de canal cifrado.<\/p>\n<h3 data-fontsize=\"36\" style=\"--fontSize: 36; line-height: 1.2;\" data-lineheight=\"43.2px\" class=\"fusion-responsive-typography-calculated\">8.- \u00bfQu\u00e9 derechos tiene y como ejercerlos?<\/h3>\n<p>El usuario tiene derecho a acceder a sus datos personales, a solicitar la rectificaci\u00f3n de los que sean inexactos, as\u00ed como a su supresi\u00f3n cuando, entre otros motivos, ya no sean necesarios para los fines que fueron recogidos. En determinadas circunstancias, tambi\u00e9n podr\u00e1 solicitar la limitaci\u00f3n de su tratamiento, en cuyo caso \u00fanicamente se conservar\u00e1n para el ejercicio o la defensa de reclamaciones, as\u00ed como pedir la portabilidad de sus datos. Por motivos relacionados con su situaci\u00f3n particular, podr\u00e1 oponerse al tratamiento de los mismos y MEGABLOK S.A.U. dejar\u00e1 de tratarlos, salvo por motivos leg\u00edtimos imperiosos, o el ejercicio o la defensa de posibles reclamaciones.<\/p>\n<p>El solicitante podr\u00e1 revocar los consentimientos prestados en cualquier momento. El solicitante podr\u00e1 ejercer sus derechos a trav\u00e9s del correo electr\u00f3nico laboral@megablok.com o en las oficinas situadas en Plataforma Log\u00edstica PLA-ZA, calle Palermo n\u00ba7, 50197 de Zaragoza, adjuntando fotocopia del DNI e indicando el derecho que ejercita. Ud. tambi\u00e9n podr\u00e1 presentar una reclamaci\u00f3n ante la Agencia Espa\u00f1ola de Protecci\u00f3n de Datos.<\/p>\n<h3 data-fontsize=\"36\" style=\"--fontSize: 36; line-height: 1.2;\" data-lineheight=\"43.2px\" class=\"fusion-responsive-typography-calculated\">9.- \u00bfQu\u00e9 medidas de seguridad tenemos implantadas?<\/h3>\n<p>Dentro de nuestro compromiso por garantizar la seguridad y confidencialidad de sus datos de car\u00e1cter personal, le informamos que se han adoptado las medidas de \u00edndole t\u00e9cnica y organizativas necesarias para garantizar la seguridad de los datos de car\u00e1cter personal y evitar su alteraci\u00f3n, p\u00e9rdida, tratamiento o acceso no autorizado, habida cuenta del estado de la tecnolog\u00eda, la naturaleza de los datos almacenados y los riesgos a que est\u00e9n expuestos, seg\u00fan el Art. 32 del RGPD EU 679\/2016.<\/p>\n<h3 data-fontsize=\"36\" style=\"--fontSize: 36; line-height: 1.2;\" data-lineheight=\"43.2px\" class=\"fusion-responsive-typography-calculated\">10.- \u00bfC\u00f3mo funcionan nuestras redes sociales?<\/h3>\n<p>A trav\u00e9s de nuestras redes sociales puedes compartir nuestros contenidos o dejarnos tus comentarios, fotos o v\u00eddeos, siempre que sean del inter\u00e9s para toda la comunidad.<\/p>\n<p>Nuestras redes sociales est\u00e1n constantemente supervisadas con el fin de atender vuestras preguntas y comentarios en el menor tiempo posible.<\/p>\n<p>Queremos que sea un espacio del que todos disfrutemos, por lo que es importante que entre todos respetemos unas normas de convivencia:<\/p>\n<p>1. T\u00fa eres el responsable de los contenidos que publiques, no caigas en la violaci\u00f3n de cualquier derecho, ley o reglamento.<\/p>\n<p>2. Cuida la redacci\u00f3n y el tono, evita publicar cualquier informaci\u00f3n abusiva, difamatoria u obscena.<\/p>\n<p>3. Respeta el derecho a la privacidad, no hagas comentarios il\u00edcitos, ofensivos o discriminatorios sobre terceros.<\/p>\n<p>4. Evita comentarios fraudulentos, enga\u00f1osos o que puedan inducir al error.<\/p>\n<p>5. No permitimos el spam, ni los mensajes comerciales o publicitarios, no queremos mensajes repetitivos.<\/p>\n<p>6. No mantendremos conversaciones con perfiles que podamos considerar como falsos.<\/p>\n<p>Por favor, ten en cuenta que el contenido publicado por los seguidores en nuestras p\u00e1ginas no necesariamente refleja el punto de vista de nuestra empresa.<\/p>\n<p>Si tus comentarios no cumplen las \u2018Normas de la casa\u2019, podr\u00e1n ser eliminados, ocultados o bloqueados. Cualquiera que publique contenidos no permitidos ser\u00e1 bloqueado de la comunidad.<\/p>\n<p>Nos reservamos el derecho a modificar estas normas en cualquier momento y sin previo aviso.<\/p>\n<\/p>\n<h2 data-fontsize=\"48\" style=\"--fontSize: 48; line-height: 1.2;\" data-lineheight=\"57.6px\" class=\"fusion-responsive-typography-calculated wp-block-heading\"><\/h2><\/p>\n<\/div><\/div><\/div><\/div><\/div>","protected":false},"excerpt":{"rendered":"","protected":false},"author":1,"featured_media":0,"parent":0,"menu_order":0,"comment_status":"closed","ping_status":"closed","template":"","meta":{"_themeisle_gutenberg_block_has_review":false,"_joinchat":[],"footnotes":""},"class_list":["post-3","page","type-page","status-publish","hentry"],"yoast_head":"<!-- This site is optimized with the Yoast SEO plugin v27.1.1 - https:\/\/yoast.com\/product\/yoast-seo-wordpress\/ -->\n<title>Pol\u00edtica de privacidad - MegaLockers (Fran\u00e7aise)<\/title>\n<meta name=\"robots\" content=\"index, follow, max-snippet:-1, max-image-preview:large, max-video-preview:-1\" \/>\n<link rel=\"canonical\" href=\"https:\/\/megalockers.com\/fr\/politica-privacidad\/\" \/>\n<meta property=\"og:locale\" content=\"en_US\" \/>\n<meta property=\"og:type\" content=\"article\" \/>\n<meta property=\"og:title\" content=\"Pol\u00edtica de privacidad - MegaLockers (Fran\u00e7aise)\" \/>\n<meta property=\"og:url\" content=\"https:\/\/megalockers.com\/fr\/politica-privacidad\/\" \/>\n<meta property=\"og:site_name\" content=\"MegaLockers (Fran\u00e7aise)\" \/>\n<meta property=\"article:modified_time\" content=\"2023-06-14T14:51:20+00:00\" \/>\n<meta name=\"twitter:card\" content=\"summary_large_image\" \/>\n<meta name=\"twitter:label1\" content=\"Est. reading time\" \/>\n\t<meta name=\"twitter:data1\" content=\"9 minutes\" \/>\n<script type=\"application\/ld+json\" class=\"yoast-schema-graph\">{\"@context\":\"https:\/\/schema.org\",\"@graph\":[{\"@type\":\"WebPage\",\"@id\":\"https:\/\/megalockers.com\/fr\/politica-privacidad\/\",\"url\":\"https:\/\/megalockers.com\/fr\/politica-privacidad\/\",\"name\":\"Pol\u00edtica de privacidad - MegaLockers (Fran\u00e7aise)\",\"isPartOf\":{\"@id\":\"https:\/\/megalockers.com\/fr\/#website\"},\"datePublished\":\"2023-05-12T11:01:40+00:00\",\"dateModified\":\"2023-06-14T14:51:20+00:00\",\"breadcrumb\":{\"@id\":\"https:\/\/megalockers.com\/fr\/politica-privacidad\/#breadcrumb\"},\"inLanguage\":\"en-US\",\"potentialAction\":[{\"@type\":\"ReadAction\",\"target\":[\"https:\/\/megalockers.com\/fr\/politica-privacidad\/\"]}]},{\"@type\":\"BreadcrumbList\",\"@id\":\"https:\/\/megalockers.com\/fr\/politica-privacidad\/#breadcrumb\",\"itemListElement\":[{\"@type\":\"ListItem\",\"position\":1,\"name\":\"Home\",\"item\":\"https:\/\/megalockers.com\/fr\/\"},{\"@type\":\"ListItem\",\"position\":2,\"name\":\"Pol\u00edtica de privacidad\"}]},{\"@type\":\"WebSite\",\"@id\":\"https:\/\/megalockers.com\/fr\/#website\",\"url\":\"https:\/\/megalockers.com\/fr\/\",\"name\":\"MegaLockers (Fran\u00e7aise)\",\"description\":\"Consigna de equipaje en Zaragoza centro\",\"potentialAction\":[{\"@type\":\"SearchAction\",\"target\":{\"@type\":\"EntryPoint\",\"urlTemplate\":\"https:\/\/megalockers.com\/fr\/?s={search_term_string}\"},\"query-input\":{\"@type\":\"PropertyValueSpecification\",\"valueRequired\":true,\"valueName\":\"search_term_string\"}}],\"inLanguage\":\"en-US\"}]}<\/script>\n<!-- \/ Yoast SEO plugin. -->","yoast_head_json":{"title":"Pol\u00edtica de privacidad - MegaLockers (Fran\u00e7aise)","robots":{"index":"index","follow":"follow","max-snippet":"max-snippet:-1","max-image-preview":"max-image-preview:large","max-video-preview":"max-video-preview:-1"},"canonical":"https:\/\/megalockers.com\/fr\/politica-privacidad\/","og_locale":"en_US","og_type":"article","og_title":"Pol\u00edtica de privacidad - MegaLockers (Fran\u00e7aise)","og_url":"https:\/\/megalockers.com\/fr\/politica-privacidad\/","og_site_name":"MegaLockers (Fran\u00e7aise)","article_modified_time":"2023-06-14T14:51:20+00:00","twitter_card":"summary_large_image","twitter_misc":{"Est. reading time":"9 minutes"},"schema":{"@context":"https:\/\/schema.org","@graph":[{"@type":"WebPage","@id":"https:\/\/megalockers.com\/fr\/politica-privacidad\/","url":"https:\/\/megalockers.com\/fr\/politica-privacidad\/","name":"Pol\u00edtica de privacidad - MegaLockers (Fran\u00e7aise)","isPartOf":{"@id":"https:\/\/megalockers.com\/fr\/#website"},"datePublished":"2023-05-12T11:01:40+00:00","dateModified":"2023-06-14T14:51:20+00:00","breadcrumb":{"@id":"https:\/\/megalockers.com\/fr\/politica-privacidad\/#breadcrumb"},"inLanguage":"en-US","potentialAction":[{"@type":"ReadAction","target":["https:\/\/megalockers.com\/fr\/politica-privacidad\/"]}]},{"@type":"BreadcrumbList","@id":"https:\/\/megalockers.com\/fr\/politica-privacidad\/#breadcrumb","itemListElement":[{"@type":"ListItem","position":1,"name":"Home","item":"https:\/\/megalockers.com\/fr\/"},{"@type":"ListItem","position":2,"name":"Pol\u00edtica de privacidad"}]},{"@type":"WebSite","@id":"https:\/\/megalockers.com\/fr\/#website","url":"https:\/\/megalockers.com\/fr\/","name":"MegaLockers (Fran\u00e7aise)","description":"Consigna de equipaje en Zaragoza centro","potentialAction":[{"@type":"SearchAction","target":{"@type":"EntryPoint","urlTemplate":"https:\/\/megalockers.com\/fr\/?s={search_term_string}"},"query-input":{"@type":"PropertyValueSpecification","valueRequired":true,"valueName":"search_term_string"}}],"inLanguage":"en-US"}]}},"_links":{"self":[{"href":"https:\/\/megalockers.com\/fr\/wp-json\/wp\/v2\/pages\/3","targetHints":{"allow":["GET"]}}],"collection":[{"href":"https:\/\/megalockers.com\/fr\/wp-json\/wp\/v2\/pages"}],"about":[{"href":"https:\/\/megalockers.com\/fr\/wp-json\/wp\/v2\/types\/page"}],"author":[{"embeddable":true,"href":"https:\/\/megalockers.com\/fr\/wp-json\/wp\/v2\/users\/1"}],"replies":[{"embeddable":true,"href":"https:\/\/megalockers.com\/fr\/wp-json\/wp\/v2\/comments?post=3"}],"version-history":[{"count":5,"href":"https:\/\/megalockers.com\/fr\/wp-json\/wp\/v2\/pages\/3\/revisions"}],"predecessor-version":[{"id":2604,"href":"https:\/\/megalockers.com\/fr\/wp-json\/wp\/v2\/pages\/3\/revisions\/2604"}],"wp:attachment":[{"href":"https:\/\/megalockers.com\/fr\/wp-json\/wp\/v2\/media?parent=3"}],"curies":[{"name":"wp","href":"https:\/\/api.w.org\/{rel}","templated":true}]}}